{"id":464,"date":"2024-12-03T12:00:34","date_gmt":"2024-12-03T12:00:34","guid":{"rendered":"https:\/\/www.haticesultan.com.tr\/?post_type=product&#038;p=464"},"modified":"2024-03-18T12:17:04","modified_gmt":"2024-03-18T12:17:04","slug":"hatice-sultan-dogal-usak-tarhanasi-hatice-sultan-ev-tarhanasi-1000-gr-tatli","status":"publish","type":"product","link":"https:\/\/www.haticesultan.com.tr\/en\/product\/hatice-sultan-dogal-usak-tarhanasi-hatice-sultan-ev-tarhanasi-1000-gr-tatli\/","title":{"rendered":"Hatice Sultan Do\u011fal U\u015fak Tarhanas\u0131 Hatice Sultan Ev Tarhanas\u0131 1000 gr Tatl\u0131"},"content":{"rendered":"<p>HAT\u0130CE SULTAN ORGAN\u0130K TARHANA TOKLUK H\u0130SS\u0130 VER\u0130P ZAYIFLATIR<br \/>\nY\u00dcKSEK TANS\u0130YONU AZALTIR<br \/>\nY\u00dcKSEK KOLESTROL\u00dc DENGELER<br \/>\nKOLON KANSER\u0130 R\u0130SK\u0130N\u0130 D\u00dc\u015e\u00dcR\u00dcR<br \/>\nM\u0130KROPLARA KAR\u015eI D\u0130REN\u00c7 SA\u011eLAR<br \/>\nKALP KR\u0130Z\u0130N\u0130 \u00d6NLEMEDE YARDIMCI<br \/>\nHEMORO\u0130D VE DAMAR HATALIKLARINDA ETK\u0130L\u0130<br \/>\nB V\u0130TAM\u0130N\u0130, KALS\u0130YUM, DEM\u0130R VE \u00c7\u0130NKO \u0130SE TARHANADA BOL BULUNAN M\u0130NERALLERD\u0130R.<br \/>\nBol proteinli Geleneksel ve do\u011fal lezzetli Kolay haz\u0131rlanabilen \u00f6zel tarif ile haz\u0131rlan\u0131r \u0130\u00e7indekiler: taze k\u0131rm\u0131z\u0131 biber (kapya), bu\u011fday unu, yo\u011furt, kuru so\u011fan, ek\u015fi maya (tarhanan\u0131n kendisinden). Do\u011fan\u0131n bize sundu\u011fu lezzeti biz de sizlere sunuyoruz. \u00dcr\u00fcnlerimizi anadolu bereketiyle harmanlanan tarlalardan topluyoruz. Toplad\u0131\u011f\u0131m\u0131z \u00fcr\u00fcnleri geleneksel tarhana tarifine d\u00f6n\u00fc\u015ft\u00fcr\u00fcrken, tarifsiz bir \u00f6zen ve titizlik g\u00f6zteriyoruz. Hatice sultan do\u011fal u\u015fak tarhanas\u0131\u2019n\u0131 bol protein ve sa\u011fl\u0131kla donat\u0131p sizlere ula\u015ft\u0131r\u0131yoruz .<br \/>\nEnerji ve besin \u00f6\u011feleri (100 g i\u00e7in): Enerji (kj\/kcal): 1388\/329 Ya\u011f (g): 2,76 Protein (g): 10,44 Lif (g): 12,18 Karbonhidrat (g): 59,55 \u015eeker (g): 0 Tuz (g): 0,56 Haz\u0131rlan\u0131\u015f\u0131: Yar\u0131m tatl\u0131 ka\u015f\u0131\u011f\u0131 zeytin ya\u011f\u0131n\u0131 1 adet orta boy domatesin rendelenmi\u015f hali ile kavurunuz. 1,5 su barda\u011f\u0131 su\/et suyu\/sebze suyu veya s\u00fct se\u00e7eneklerinden birini ilave ediniz. 2 \u00e7orba ka\u015f\u0131\u011f\u0131 tarhanay\u0131 ilave edip, kaynamaya ba\u015flayana kadar s\u00fcrekli kar\u0131\u015ft\u0131r\u0131n\u0131z.<\/p>","protected":false},"excerpt":{"rendered":"<p>HAT\u0130CE SULTAN ORGAN\u0130K TARHANA TOKLUK H\u0130SS\u0130 VER\u0130P ZAYIFLATIR Y\u00dcKSEK TANS\u0130YONU AZALTIR Y\u00dcKSEK KOLESTROL\u00dc DENGELER KOLON KANSER\u0130 R\u0130SK\u0130N\u0130 D\u00dc\u015e\u00dcR\u00dcR M\u0130KROPLARA KAR\u015eI D\u0130REN\u00c7 SA\u011eLAR KALP KR\u0130Z\u0130N\u0130 \u00d6NLEMEDE YARDIMCI HEMORO\u0130D VE DAMAR HATALIKLARINDA ETK\u0130L\u0130 B V\u0130TAM\u0130N\u0130, KALS\u0130YUM, DEM\u0130R VE \u00c7\u0130NKO \u0130SE TARHANADA BOL BULUNAN M\u0130NERALLERD\u0130R. Bol proteinli Geleneksel ve do\u011fal lezzetli Kolay haz\u0131rlanabilen \u00f6zel tarif ile haz\u0131rlan\u0131r \u0130\u00e7indekiler: [&#8230;]","protected":false},"featured_media":319,"comment_status":"open","ping_status":"closed","template":"","meta":[],"product_cat":[68],"product_tag":[],"class_list":["post-464","product","type-product","status-publish","has-post-thumbnail","hentry","product_cat-tarhana"],"_links":{"self":[{"href":"https:\/\/www.haticesultan.com.tr\/en\/wp-json\/wp\/v2\/product\/464","targetHints":{"allow":["GET"]}}],"collection":[{"href":"https:\/\/www.haticesultan.com.tr\/en\/wp-json\/wp\/v2\/product"}],"about":[{"href":"https:\/\/www.haticesultan.com.tr\/en\/wp-json\/wp\/v2\/types\/product"}],"replies":[{"embeddable":true,"href":"https:\/\/www.haticesultan.com.tr\/en\/wp-json\/wp\/v2\/comments?post=464"}],"wp:featuredmedia":[{"embeddable":true,"href":"https:\/\/www.haticesultan.com.tr\/en\/wp-json\/wp\/v2\/media\/319"}],"wp:attachment":[{"href":"https:\/\/www.haticesultan.com.tr\/en\/wp-json\/wp\/v2\/media?parent=464"}],"wp:term":[{"taxonomy":"product_cat","embeddable":true,"href":"https:\/\/www.haticesultan.com.tr\/en\/wp-json\/wp\/v2\/product_cat?post=464"},{"taxonomy":"product_tag","embeddable":true,"href":"https:\/\/www.haticesultan.com.tr\/en\/wp-json\/wp\/v2\/product_tag?post=464"}],"curies":[{"name":"wp","href":"https:\/\/api.w.org\/{rel}","templated":true}]}}