{"id":336,"date":"2022-10-20T19:31:55","date_gmt":"2022-10-20T19:31:55","guid":{"rendered":"http:\/\/www.haticesultan.com.tr\/?post_type=product&#038;p=336"},"modified":"2023-11-16T18:29:24","modified_gmt":"2023-11-16T18:29:24","slug":"hatice-sultan-dogal-usak-tarhanasi-hatice-sultan-ayvalik-soguk-sikim-zeytinyagi-1-kg","status":"publish","type":"product","link":"https:\/\/www.haticesultan.com.tr\/en\/product\/hatice-sultan-dogal-usak-tarhanasi-hatice-sultan-ayvalik-soguk-sikim-zeytinyagi-1-kg\/","title":{"rendered":"Hatice Sultan Natural U\u015fak Tarhana Hatice Sultan Ayval\u0131k Cold Pressed Olive Oil 1 kg"},"content":{"rendered":"<table>\n<tbody>\n<tr>\n<td class=\"no-border\">\n<div id=\"productDescriptionContent\">\n<p><span class=\"Ql-Size-Huge\">Erken Hasat So\u011fuk S\u0131zma Zeytinya\u011f\u0131 (1lt)<\/span><\/p>\n<p>Zeytinya\u011f\u0131, Zeytin Meyvesinden Elde Eden Bir Ya\u011f \u00c7e\u015fididir. Ayval\u0131k B\u00f6lgesi\u2019nin Meyvesi Olan Zeytinler Hasat Edildikten Sonra Ya\u011flar\u0131 S\u0131k\u0131l\u0131r Ve S\u00fcz\u00fcl\u00fcr. B\u00f6ylece Zeytinya\u011f\u0131 Elde Edilmi\u015f Olur.<\/p>\n<p>Zeytinya\u011f\u0131; Salatalarda, Yemek Yap\u0131m\u0131nda, Kozmetikte Ve Sabun Yap\u0131m\u0131nda Kullan\u0131lmaktad\u0131r. Bu Ya\u011f\u0131n \u0130nsan Sa\u011fl\u0131\u011f\u0131 A\u00e7\u0131s\u0131ndan En \u00d6nemli \u00d6zelli\u011fi \u0130se, K\u0131zart\u0131ld\u0131\u011f\u0131nda Di\u011fer Ya\u011flar Gibi Zararl\u0131 Hale Gelmemesidir.<\/p>\n<p>\u00b7&amp;Nbsp;&amp;Nbsp;&amp;Nbsp;&amp;Nbsp;&amp;Nbsp;&amp;Nbsp;&amp;Nbsp;&amp;Nbsp;So\u011fuk S\u0131k\u0131m Zeytinya\u011f\u0131<\/p>\n<p class=\"Ql-Align-Justify\">So\u011fuk S\u0131k\u0131m Zeytinya\u011f\u0131, Ayval\u0131k Zeytin A\u011fa\u00e7lar\u0131ndan \u00d6zenle Toplanarak \u00dcretilir. Bu Zeytinya\u011f\u0131 \u00c7e\u015fidi Kokusu, Tad\u0131 \u0130le Kusursuzdur Ve Serbest Asitlik Derecesi 100 Gramda %1\u2019\u0130n Alt\u0131ndad\u0131r.&amp;Nbsp;&amp;Nbsp;So\u011fuk S\u0131k\u0131m Zeytinya\u011f\u0131&amp;Nbsp;\u00dcretilirken Zeytinin Do\u011fal \u00d6zelliklerini Kaybetmemesi \u0130\u00e7in Herhangi Bir Kimyasal Madde Kullan\u0131lmaz. Bunun Yan\u0131nda Topland\u0131\u011f\u0131 G\u00fcn Se\u00e7ilir Ve S\u0131k\u0131ma G\u00f6t\u00fcr\u00fcl\u00fcr. Ard\u0131ndan I\u015f\u0131k Almayan, Paslanmayan Tanklarda Muhafaza Edilir. Bu Sayede Zeytinin Tad\u0131 Ve Kokusu Aynen Korunmu\u015f Olur.&amp;Nbsp;Ayval\u0131k Zeytin\u2019inden \u00dcretilen Bu Ya\u011f %100 Do\u011fald\u0131r.<\/p>\n<\/div>\n<\/td>\n<\/tr>\n<\/tbody>\n<\/table>","protected":false},"excerpt":{"rendered":"<p>Erken Hasat So\u011fuk S\u0131zma Zeytinya\u011f\u0131 (1lt) Zeytinya\u011f\u0131, Zeytin Meyvesinden Elde Eden Bir Ya\u011f \u00c7e\u015fididir. Ayval\u0131k B\u00f6lgesi\u2019nin Meyvesi Olan Zeytinler Hasat Edildikten Sonra Ya\u011flar\u0131 S\u0131k\u0131l\u0131r Ve S\u00fcz\u00fcl\u00fcr. B\u00f6ylece Zeytinya\u011f\u0131 Elde Edilmi\u015f Olur. Zeytinya\u011f\u0131; Salatalarda, Yemek Yap\u0131m\u0131nda, Kozmetikte Ve Sabun Yap\u0131m\u0131nda Kullan\u0131lmaktad\u0131r. Bu Ya\u011f\u0131n \u0130nsan Sa\u011fl\u0131\u011f\u0131 A\u00e7\u0131s\u0131ndan En \u00d6nemli \u00d6zelli\u011fi \u0130se, K\u0131zart\u0131ld\u0131\u011f\u0131nda Di\u011fer Ya\u011flar Gibi Zararl\u0131 Hale [&#8230;]","protected":false},"featured_media":337,"comment_status":"open","ping_status":"closed","template":"","meta":[],"product_cat":[73],"product_tag":[],"class_list":["post-336","product","type-product","status-publish","has-post-thumbnail","hentry","product_cat-zeytinyagi"],"_links":{"self":[{"href":"https:\/\/www.haticesultan.com.tr\/en\/wp-json\/wp\/v2\/product\/336","targetHints":{"allow":["GET"]}}],"collection":[{"href":"https:\/\/www.haticesultan.com.tr\/en\/wp-json\/wp\/v2\/product"}],"about":[{"href":"https:\/\/www.haticesultan.com.tr\/en\/wp-json\/wp\/v2\/types\/product"}],"replies":[{"embeddable":true,"href":"https:\/\/www.haticesultan.com.tr\/en\/wp-json\/wp\/v2\/comments?post=336"}],"wp:featuredmedia":[{"embeddable":true,"href":"https:\/\/www.haticesultan.com.tr\/en\/wp-json\/wp\/v2\/media\/337"}],"wp:attachment":[{"href":"https:\/\/www.haticesultan.com.tr\/en\/wp-json\/wp\/v2\/media?parent=336"}],"wp:term":[{"taxonomy":"product_cat","embeddable":true,"href":"https:\/\/www.haticesultan.com.tr\/en\/wp-json\/wp\/v2\/product_cat?post=336"},{"taxonomy":"product_tag","embeddable":true,"href":"https:\/\/www.haticesultan.com.tr\/en\/wp-json\/wp\/v2\/product_tag?post=336"}],"curies":[{"name":"wp","href":"https:\/\/api.w.org\/{rel}","templated":true}]}}