{"id":333,"date":"2022-10-20T19:29:48","date_gmt":"2022-10-20T19:29:48","guid":{"rendered":"http:\/\/www.haticesultan.com.tr\/?post_type=product&#038;p=333"},"modified":"2024-01-29T08:04:01","modified_gmt":"2024-01-29T08:04:01","slug":"antep-gun-kurusu-salca","status":"publish","type":"product","link":"https:\/\/www.haticesultan.com.tr\/en\/product\/antep-gun-kurusu-salca\/","title":{"rendered":"Pistachio Sun-Dried Tomato Paste"},"content":{"rendered":"<table>\n<tbody>\n<tr>\n<td class=\"no-border\">\n<div id=\"productDescriptionContent\">\n<ul>\n<li>HAND MADE SUN-DRIED ANTEP NATURAL TRADITIONAL PEPPER PASTE One of the indispensable tastes of Turkish Cuisine, our Pepper Paste is a consumption product that flavors your table at breakfast, lunch and dinner. Homemade sweet tomato pastes, produced with tomatoes and sweet peppers, are prepared by natural SUN DRYING method. Our pastes belong to Antep Region. The salt of our tomato paste is used less. You can use the delicious tomato paste, which we have prepared by giving importance to the rules of meticulousness and cleaning, suitable for human health, in your kitchen with peace of mind.<\/li>\n<\/ul>\n<\/div>\n<\/td>\n<\/tr>\n<\/tbody>\n<\/table>","protected":false},"excerpt":{"rendered":"<p>EL YAPIMI G\u00dcNE\u015eTE KURUTULMU\u015e ANTEP Y\u00d6RES\u0130 DO\u011eAL GELENEKSEL B\u0130BER SAL\u00c7ASI T\u00fcrk Mutfa\u011f\u0131n\u0131n vazge\u00e7ilmez lezzetlerinden olan Biber Sal\u00e7am\u0131z sabah kahvalt\u0131lar\u0131nda, \u00f6\u011fle yemeklerinde ve ak\u015fam yemeklerinde sofran\u0131z\u0131 lezzetlendiren t\u00fcketim \u00fcr\u00fcn\u00fcd\u00fcr. Domates ve tatl\u0131 biberlerle \u00fcretilmekte olan tatl\u0131 ev sal\u00e7alar\u0131, do\u011fal G\u00dcNE\u015eTE KURUTMA y\u00f6ntemiyle haz\u0131rlanmaktad\u0131r. Sal\u00e7alar\u0131m\u0131z Antep Y\u00f6resine aittir. Sal\u00e7alar\u0131m\u0131z\u0131n tuzu az kullan\u0131lm\u0131\u015ft\u0131r. \u0130nsan sa\u011fl\u0131\u011f\u0131na uygun, titizlik ve [&#8230;]","protected":false},"featured_media":334,"comment_status":"open","ping_status":"closed","template":"","meta":[],"product_cat":[69],"product_tag":[],"class_list":["post-333","product","type-product","status-publish","has-post-thumbnail","hentry","product_cat-salca"],"_links":{"self":[{"href":"https:\/\/www.haticesultan.com.tr\/en\/wp-json\/wp\/v2\/product\/333","targetHints":{"allow":["GET"]}}],"collection":[{"href":"https:\/\/www.haticesultan.com.tr\/en\/wp-json\/wp\/v2\/product"}],"about":[{"href":"https:\/\/www.haticesultan.com.tr\/en\/wp-json\/wp\/v2\/types\/product"}],"replies":[{"embeddable":true,"href":"https:\/\/www.haticesultan.com.tr\/en\/wp-json\/wp\/v2\/comments?post=333"}],"wp:featuredmedia":[{"embeddable":true,"href":"https:\/\/www.haticesultan.com.tr\/en\/wp-json\/wp\/v2\/media\/334"}],"wp:attachment":[{"href":"https:\/\/www.haticesultan.com.tr\/en\/wp-json\/wp\/v2\/media?parent=333"}],"wp:term":[{"taxonomy":"product_cat","embeddable":true,"href":"https:\/\/www.haticesultan.com.tr\/en\/wp-json\/wp\/v2\/product_cat?post=333"},{"taxonomy":"product_tag","embeddable":true,"href":"https:\/\/www.haticesultan.com.tr\/en\/wp-json\/wp\/v2\/product_tag?post=333"}],"curies":[{"name":"wp","href":"https:\/\/api.w.org\/{rel}","templated":true}]}}