{"id":330,"date":"2022-10-20T19:20:28","date_gmt":"2022-10-20T19:20:28","guid":{"rendered":"http:\/\/www.haticesultan.com.tr\/?post_type=product&#038;p=330"},"modified":"2023-11-16T18:30:34","modified_gmt":"2023-11-16T18:30:34","slug":"hatice-sultan-sebzeli-ev-eristesi-sebzeli-500-gr","status":"publish","type":"product","link":"https:\/\/www.haticesultan.com.tr\/en\/product\/hatice-sultan-sebzeli-ev-eristesi-sebzeli-500-gr\/","title":{"rendered":"Hatice Sultan Homemade Noodles with Vegetables 500 gr"},"content":{"rendered":"<table>\n<tbody>\n<tr>\n<td class=\"no-border\">\n<div id=\"productDescriptionContent\">\n<p class=\"Ql-Align-Center\"><span class=\"Ql-Size-Huge\">Hatice Sultan Do\u011fal Sebzeli Ev Eri\u015ftesi \u00c7e\u015fitleri<\/span><\/p>\n<p><strong class=\"Ql-Size-Large\">Sebzeli Eri\u015fte \u00c7e\u015fitlerimiz \u0130le \u00c7ocuklar\u0131m\u0131z\u0131 Sa\u011fl\u0131kl\u0131 Beslemek \u00c7ok Daha Kolay Ve Pratik Oldu<\/strong><\/p>\n<ul>\n<li class=\"Ql-Align-Center\"><span class=\"Ql-Size-Large\">Ispanakl\u0131<\/span><\/li>\n<li class=\"Ql-Align-Center\"><span class=\"Ql-Size-Large\">Havu\u00e7lu<\/span><\/li>\n<li class=\"Ql-Align-Center\"><span class=\"Ql-Size-Large\">Domatesli<\/span><\/li>\n<li class=\"Ql-Align-Center\"><span class=\"Ql-Size-Large\">K\u0131rm\u0131z\u0131 Pancarl\u0131<\/span><\/li>\n<li class=\"Ql-Align-Center\"><span class=\"Ql-Size-Large\">Patl\u0131canl\u0131<\/span><\/li>\n<li class=\"Ql-Align-Center\"><span class=\"Ql-Size-Large\">Kapya Biberli<\/span><\/li>\n<\/ul>\n<p><strong class=\"Ql-Size-Large\">Pi\u015firmesi Kolay Ve Pratik<\/strong><\/p>\n<p><strong class=\"Ql-Size-Large\">Sa\u011fl\u0131kl\u0131 Ve Lezzetli<\/strong><\/p>\n<p><strong class=\"Ql-Size-Large\">Sunumu \u00c7ok \u015e\u0131k<\/strong><\/p>\n<p><strong class=\"Ql-Size-Large\">Katk\u0131 Ve Koruyucu Malzeme \u0130\u00e7erisinde Olmad\u0131\u011f\u0131 \u0130\u00e7in Uzun S\u00fcre Dayan\u0131kl\u0131<\/strong><\/p>\n<\/div>\n<\/td>\n<\/tr>\n<\/tbody>\n<\/table>","protected":false},"excerpt":{"rendered":"<p>Hatice Sultan Do\u011fal Sebzeli Ev Eri\u015ftesi \u00c7e\u015fitleri Sebzeli Eri\u015fte \u00c7e\u015fitlerimiz \u0130le \u00c7ocuklar\u0131m\u0131z\u0131 Sa\u011fl\u0131kl\u0131 Beslemek \u00c7ok Daha Kolay Ve Pratik Oldu Ispanakl\u0131 Havu\u00e7lu Domatesli K\u0131rm\u0131z\u0131 Pancarl\u0131 Patl\u0131canl\u0131 Kapya Biberli Pi\u015firmesi Kolay Ve Pratik Sa\u011fl\u0131kl\u0131 Ve Lezzetli Sunumu \u00c7ok \u015e\u0131k Katk\u0131 Ve Koruyucu Malzeme \u0130\u00e7erisinde Olmad\u0131\u011f\u0131 \u0130\u00e7in Uzun S\u00fcre Dayan\u0131kl\u0131<\/p>","protected":false},"featured_media":440,"comment_status":"open","ping_status":"closed","template":"","meta":[],"product_cat":[70],"product_tag":[],"class_list":["post-330","product","type-product","status-publish","has-post-thumbnail","hentry","product_cat-eriste"],"_links":{"self":[{"href":"https:\/\/www.haticesultan.com.tr\/en\/wp-json\/wp\/v2\/product\/330","targetHints":{"allow":["GET"]}}],"collection":[{"href":"https:\/\/www.haticesultan.com.tr\/en\/wp-json\/wp\/v2\/product"}],"about":[{"href":"https:\/\/www.haticesultan.com.tr\/en\/wp-json\/wp\/v2\/types\/product"}],"replies":[{"embeddable":true,"href":"https:\/\/www.haticesultan.com.tr\/en\/wp-json\/wp\/v2\/comments?post=330"}],"wp:featuredmedia":[{"embeddable":true,"href":"https:\/\/www.haticesultan.com.tr\/en\/wp-json\/wp\/v2\/media\/440"}],"wp:attachment":[{"href":"https:\/\/www.haticesultan.com.tr\/en\/wp-json\/wp\/v2\/media?parent=330"}],"wp:term":[{"taxonomy":"product_cat","embeddable":true,"href":"https:\/\/www.haticesultan.com.tr\/en\/wp-json\/wp\/v2\/product_cat?post=330"},{"taxonomy":"product_tag","embeddable":true,"href":"https:\/\/www.haticesultan.com.tr\/en\/wp-json\/wp\/v2\/product_tag?post=330"}],"curies":[{"name":"wp","href":"https:\/\/api.w.org\/{rel}","templated":true}]}}