{"id":329,"date":"2022-10-20T19:05:17","date_gmt":"2022-10-20T19:05:17","guid":{"rendered":"http:\/\/www.haticesultan.com.tr\/?post_type=product&#038;p=329"},"modified":"2024-01-24T20:18:20","modified_gmt":"2024-01-24T20:18:20","slug":"hatice-sultan-dogal-usak-tarhanasi-kozalak-surubu-1-kg","status":"publish","type":"product","link":"https:\/\/www.haticesultan.com.tr\/en\/product\/hatice-sultan-dogal-usak-tarhanasi-kozalak-surubu-1-kg\/","title":{"rendered":"Hatice Sultan Natural U\u015fak Tarhana Cone Syrup 1 kg"},"content":{"rendered":"<table>\n<tbody>\n<tr>\n<td class=\"no-border\">\n<div id=\"productDescriptionContent\">\n<ul>\n<li>HAT\u0130CE SULTAN&#8217;DAN DO\u011eAL EL YAPIMI KOZALAK \u015eURUBU<\/li>\n<\/ul>\n<\/div>\n<\/td>\n<\/tr>\n<\/tbody>\n<\/table>","protected":false},"excerpt":{"rendered":"<p>HAT\u0130CE SULTAN&#8217;DAN DO\u011eAL EL YAPIMI KOZALAK \u015eURUBU<\/p>","protected":false},"featured_media":327,"comment_status":"open","ping_status":"closed","template":"","meta":[],"product_cat":[72],"product_tag":[],"class_list":["post-329","product","type-product","status-publish","has-post-thumbnail","hentry","product_cat-kozalaksurubu"],"_links":{"self":[{"href":"https:\/\/www.haticesultan.com.tr\/en\/wp-json\/wp\/v2\/product\/329","targetHints":{"allow":["GET"]}}],"collection":[{"href":"https:\/\/www.haticesultan.com.tr\/en\/wp-json\/wp\/v2\/product"}],"about":[{"href":"https:\/\/www.haticesultan.com.tr\/en\/wp-json\/wp\/v2\/types\/product"}],"replies":[{"embeddable":true,"href":"https:\/\/www.haticesultan.com.tr\/en\/wp-json\/wp\/v2\/comments?post=329"}],"wp:featuredmedia":[{"embeddable":true,"href":"https:\/\/www.haticesultan.com.tr\/en\/wp-json\/wp\/v2\/media\/327"}],"wp:attachment":[{"href":"https:\/\/www.haticesultan.com.tr\/en\/wp-json\/wp\/v2\/media?parent=329"}],"wp:term":[{"taxonomy":"product_cat","embeddable":true,"href":"https:\/\/www.haticesultan.com.tr\/en\/wp-json\/wp\/v2\/product_cat?post=329"},{"taxonomy":"product_tag","embeddable":true,"href":"https:\/\/www.haticesultan.com.tr\/en\/wp-json\/wp\/v2\/product_tag?post=329"}],"curies":[{"name":"wp","href":"https:\/\/api.w.org\/{rel}","templated":true}]}}