{"id":318,"date":"2022-10-20T18:37:33","date_gmt":"2022-10-20T18:37:33","guid":{"rendered":"http:\/\/www.haticesultan.com.tr\/?post_type=product&#038;p=318"},"modified":"2024-03-18T12:17:23","modified_gmt":"2024-03-18T12:17:23","slug":"hatice-sultan-ev-tarhanasi-500-gr-tatli","status":"publish","type":"product","link":"https:\/\/www.haticesultan.com.tr\/en\/product\/hatice-sultan-ev-tarhanasi-500-gr-tatli\/","title":{"rendered":"Hatice Sultan Homemade Tarhana 500 gr Dessert"},"content":{"rendered":"<table>\n<tbody>\n<tr>\n<td class=\"no-border\">\n<div id=\"productDescriptionContent\">\n<p class=\"ql-align-center\"><span class=\"ql-size-huge\">HAT\u0130CE SULTAN ORGAN\u0130K TARHANA<\/span><\/p>\n<ul>\n<li class=\"ql-align-center\"><span class=\"ql-size-large\">TOKLUK H\u0130SS\u0130 VER\u0130P ZAYIFLATIR.<\/span><\/li>\n<li class=\"ql-align-center\"><span class=\"ql-size-large\">Y\u00dcKSEK TANS\u0130YONU AZALTIR.<\/span><\/li>\n<li class=\"ql-align-center\"><span class=\"ql-size-large\">Y\u00dcKSEK KOLESTROL\u00dc DENGELER.<\/span><\/li>\n<li class=\"ql-align-center\"><span class=\"ql-size-large\">KOLON KANSER\u0130 R\u0130SK\u0130N\u0130 D\u00dc\u015e\u00dcR\u00dcR.<\/span><\/li>\n<li class=\"ql-align-center\"><span class=\"ql-size-large\">M\u0130KROPLARA KAR\u015eI D\u0130REN\u00c7 SA\u011eLAR.<\/span><\/li>\n<li class=\"ql-align-center\"><span class=\"ql-size-large\">KALP KR\u0130Z\u0130N\u0130 \u00d6NLEMEDE YARDIMCIDIR.<\/span><\/li>\n<li class=\"ql-align-center\"><span class=\"ql-size-large\">HEMORO\u0130D VE DAMAR HATALIKLARINDA ETK\u0130L\u0130D\u0130R.<\/span><\/li>\n<li class=\"ql-align-center\"><span class=\"ql-size-large\">B V\u0130TAM\u0130N\u0130, KALS\u0130YUM, DEM\u0130R VE \u00c7\u0130NKO \u0130SE TARHANADA BOL BULUNAN M\u0130NERALLERD\u0130R.<\/span><\/li>\n<\/ul>\n<\/div>\n<\/td>\n<\/tr>\n<\/tbody>\n<\/table>","protected":false},"excerpt":{"rendered":"<p>HAT\u0130CE SULTAN ORGAN\u0130K TARHANA TOKLUK H\u0130SS\u0130 VER\u0130P ZAYIFLATIR. Y\u00dcKSEK TANS\u0130YONU AZALTIR. Y\u00dcKSEK KOLESTROL\u00dc DENGELER. KOLON KANSER\u0130 R\u0130SK\u0130N\u0130 D\u00dc\u015e\u00dcR\u00dcR. M\u0130KROPLARA KAR\u015eI D\u0130REN\u00c7 SA\u011eLAR. KALP KR\u0130Z\u0130N\u0130 \u00d6NLEMEDE YARDIMCIDIR. HEMORO\u0130D VE DAMAR HATALIKLARINDA ETK\u0130L\u0130D\u0130R. B V\u0130TAM\u0130N\u0130, KALS\u0130YUM, DEM\u0130R VE \u00c7\u0130NKO \u0130SE TARHANADA BOL BULUNAN M\u0130NERALLERD\u0130R.<\/p>","protected":false},"featured_media":319,"comment_status":"open","ping_status":"closed","template":"","meta":[],"product_cat":[68],"product_tag":[],"class_list":["post-318","product","type-product","status-publish","has-post-thumbnail","hentry","product_cat-tarhana"],"_links":{"self":[{"href":"https:\/\/www.haticesultan.com.tr\/en\/wp-json\/wp\/v2\/product\/318","targetHints":{"allow":["GET"]}}],"collection":[{"href":"https:\/\/www.haticesultan.com.tr\/en\/wp-json\/wp\/v2\/product"}],"about":[{"href":"https:\/\/www.haticesultan.com.tr\/en\/wp-json\/wp\/v2\/types\/product"}],"replies":[{"embeddable":true,"href":"https:\/\/www.haticesultan.com.tr\/en\/wp-json\/wp\/v2\/comments?post=318"}],"wp:featuredmedia":[{"embeddable":true,"href":"https:\/\/www.haticesultan.com.tr\/en\/wp-json\/wp\/v2\/media\/319"}],"wp:attachment":[{"href":"https:\/\/www.haticesultan.com.tr\/en\/wp-json\/wp\/v2\/media?parent=318"}],"wp:term":[{"taxonomy":"product_cat","embeddable":true,"href":"https:\/\/www.haticesultan.com.tr\/en\/wp-json\/wp\/v2\/product_cat?post=318"},{"taxonomy":"product_tag","embeddable":true,"href":"https:\/\/www.haticesultan.com.tr\/en\/wp-json\/wp\/v2\/product_tag?post=318"}],"curies":[{"name":"wp","href":"https:\/\/api.w.org\/{rel}","templated":true}]}}