{"id":386,"date":"2022-10-22T23:30:17","date_gmt":"2022-10-22T23:30:17","guid":{"rendered":"http:\/\/www.haticesultan.com.tr\/?page_id=386"},"modified":"2022-10-22T23:40:34","modified_gmt":"2022-10-22T23:40:34","slug":"uyelik-sozlesmesi","status":"publish","type":"page","link":"https:\/\/www.haticesultan.com.tr\/en\/uyelik-sozlesmesi\/","title":{"rendered":"Membership Agreement"},"content":{"rendered":"<p><\/p>\n\n\n\n<ol>\n<li><strong>Taraflar<\/strong><\/li>\n<li><strong>a) haticesultan.com.tr<\/strong>\u00a0<\/li>\n<li><strong>b) haticesultan.com.tr<\/strong>\u00a0internet sitesine \u00fcye olan internet kullan\u0131c\u0131s\u0131 (&#8220;\u00dcye&#8221;)<\/li>\n<li><strong>Taraflar\u0131n Hak ve Y\u00fck\u00fcml\u00fcl\u00fckleri<\/strong><\/li>\n<\/ol>\n<p><strong>3.1.<\/strong> \u00dcye, haticesultan.com.tr internet sitesine \u00fcye olurken verdi\u011fi ki\u015fisel ve di\u011fer sair bilgilerin kanunlar \u00f6n\u00fcnde do\u011fru oldu\u011funu, bu bilgilerin ger\u00e7e\u011fe ayk\u0131r\u0131l\u0131\u011f\u0131 nedeniyle u\u011frayaca\u011f\u0131 t\u00fcm zararlar\u0131 aynen ve derhal tazmin edece\u011fini beyan ve taahh\u00fct eder.<\/p>\n<p><strong>3.2.<\/strong> \u00dcye, haticesultan.com.trtaraf\u0131ndan kendisine verilmi\u015f olan \u015fifreyi ba\u015fka ki\u015fi ya da kurulu\u015flara veremez, \u00fcyenin s\u00f6z konusu \u015fifreyi kullanma hakk\u0131 bizzat kendisine aittir. Bu sebeple do\u011fabilecek t\u00fcm sorumluluk ile \u00fc\u00e7\u00fcnc\u00fc ki\u015filer veya yetkili merciler taraf\u0131ndan<br \/>haticesultan.com.tr kar\u015f\u0131 ileri s\u00fcr\u00fclebilecek t\u00fcm iddia ve taleplere kar\u015f\u0131, haticesultan.com.trs\u00f6z konusu izinsiz kullan\u0131mdan kaynaklanan her t\u00fcrl\u00fc tazminat ve sair talep hakk\u0131 sakl\u0131d\u0131r<\/p>\n<p><strong>3.3.<\/strong> \u00dcye haticesultan.com.tr internet sitesini kullan\u0131rken yasal mevzuat h\u00fck\u00fcmlerine riayet etmeyi ve bunlar\u0131 ihlal etmemeyi ba\u015ftan kabul ve taahh\u00fct eder. Aksi takdirde, do\u011facak t\u00fcm hukuki ve cezai y\u00fck\u00fcml\u00fcl\u00fckler tamamen ve m\u00fcnhas\u0131ran \u00fcyeyi ba\u011flayacakt\u0131r.<\/p>\n<p><strong>3.4.<\/strong> \u00dcye, haticesultan.com.tr internet sitesini hi\u00e7bir \u015fekilde kamu d\u00fczenini bozucu, genel ahlaka ayk\u0131r\u0131, ba\u015fkalar\u0131n\u0131 rahats\u0131z ve taciz edici \u015fekilde, yasalara ayk\u0131r\u0131 bir ama\u00e7 i\u00e7in, ba\u015fkalar\u0131n\u0131n fikri ve telif haklar\u0131na tecav\u00fcz edecek \u015fekilde kullanamaz. Ayr\u0131ca, \u00fcye ba\u015fkalar\u0131n\u0131n hizmetleri kullanmas\u0131n\u0131 \u00f6nleyici veya zorla\u015ft\u0131r\u0131c\u0131 faaliyet (spam, virus, truva at\u0131, vb.) ve i\u015flemlerde bulunamaz.<\/p>\n<p><strong>3.5.<\/strong> haticesultan.com.tr internet sitesinde \u00fcyeler taraf\u0131ndan beyan edilen, yaz\u0131lan, kullan\u0131lan fikir ve d\u00fc\u015f\u00fcnceler, tamamen \u00fcyelerin kendi ki\u015fisel g\u00f6r\u00fc\u015fleridir ve g\u00f6r\u00fc\u015f sahibini ba\u011flar. Bu g\u00f6r\u00fc\u015f ve d\u00fc\u015f\u00fcncelerin haticesultan.com.trile hi\u00e7bir ilgi ve ba\u011flant\u0131s\u0131 yoktur.<br \/>haticesultan.com.tr\u00fcyenin beyan edece\u011fi fikir ve g\u00f6r\u00fc\u015fler nedeniyle \u00fc\u00e7\u00fcnc\u00fc ki\u015filerin u\u011frayabilece\u011fi zararlardan ve \u00fc\u00e7\u00fcnc\u00fc ki\u015filerin beyan edece\u011fi fikir ve g\u00f6r\u00fc\u015fler nedeniyle \u00fcyenin u\u011frayabilece\u011fi zararlardan dolay\u0131 herhangi bir sorumlulu\u011fu bulunmamaktad\u0131r.<\/p>\n<p><strong>3.6.<\/strong> haticesultan.com.tr, \u00fcye verilerinin yetkisiz ki\u015filerce okunmas\u0131ndan ve \u00fcye yaz\u0131l\u0131m ve verilerine gelebilecek zararlardan dolay\u0131 sorumlu olmayacakt\u0131r. \u00dcye, haticesultan.com.tr internet sitesinin kullan\u0131lmas\u0131ndan dolay\u0131 u\u011frayabilece\u011fi herhangi bir zarar y\u00fcz\u00fcnden<br \/>haticesultan.com.tr tazminat talep etmemeyi pe\u015finen kabul etmi\u015ftir.<\/p>\n<p><strong>3.7.\u00a0<\/strong>\u00dcye, di\u011fer internet kullan\u0131c\u0131lar\u0131n\u0131n yaz\u0131l\u0131mlar\u0131na ve verilerine izinsiz olarak ula\u015fmamay\u0131 veya bunlar\u0131 kullanmamay\u0131 kabul etmi\u015ftir. Aksi takdirde, bundan do\u011facak hukuki ve cezai sorumluluklar tamamen \u00fcyeye aittir.<\/p>\n<p><strong>3.8.<\/strong> \u0130\u015fbu \u00fcyelik s\u00f6zle\u015fmesi i\u00e7erisinde say\u0131lan maddelerden bir ya da birka\u00e7\u0131n\u0131 ihlal eden \u00fcye i\u015fbu ihlal nedeniyle cezai ve hukuki olarak \u015fahsen sorumlu olup, haticesultan.com.trbu ihlallerin hukuki ve cezai sonu\u00e7lar\u0131ndan ari tutacakt\u0131r. Ayr\u0131ca; i\u015fbu ihlal nedeniyle, olay\u0131n hukuk alan\u0131na intikal ettirilmesi halinde, haticesultan.com.tr\u00fcyeye kar\u015f\u0131 \u00fcyelik s\u00f6zle\u015fmesine uyulmamas\u0131ndan dolay\u0131 tazminat talebinde bulunma hakk\u0131 sakl\u0131d\u0131r.<\/p>\n<p><strong>3.9.<\/strong> haticesultan.com.trher zaman tek tarafl\u0131 olarak gerekti\u011finde \u00fcyenin \u00fcyeli\u011fini silme, m\u00fc\u015fteriye ait dosya, belge ve bilgileri silme hakk\u0131 vard\u0131r. \u00dcye i\u015fbu tasarrufu \u00f6nceden kabul eder. Bu durumda,<br \/>haticesultan.com.tr\u00a0 hi\u00e7bir sorumlulu\u011fu yoktur.<\/p>\n<p><strong>3.10.<\/strong> haticesultan.com.trinternet sitesi yaz\u0131l\u0131m ve tasar\u0131m\u0131<br \/>haticesultan.com.trm\u00fclkiyetinde olup, bunlara ili\u015fkin telif hakk\u0131 ve\/veya di\u011fer fikri m\u00fclkiyet haklar\u0131 ilgili kanunlarca korunmakta olup, bunlar \u00fcye taraf\u0131ndan izinsiz kullan\u0131lamaz, iktisap edilemez ve de\u011fi\u015ftirilemez. Bu web sitesinde ad\u0131 ge\u00e7en ba\u015fkaca \u015firketler ve \u00fcr\u00fcnleri sahiplerinin ticari markalar\u0131d\u0131r ve ayr\u0131ca fikri m\u00fclkiyet haklar\u0131 kapsam\u0131nda korunmaktad\u0131r.<\/p>\n<p><strong>3.11.<\/strong> haticesultan.com.trtaraf\u0131ndan haticesultan.com.tr internet sitesinin iyile\u015ftirilmesi, geli\u015ftirilmesine y\u00f6nelik olarak ve\/veya yasal mevzuat \u00e7er\u00e7evesinde siteye eri\u015fmek i\u00e7in kullan\u0131lan \u0130nternet servis sa\u011flay\u0131c\u0131s\u0131n\u0131n ad\u0131 ve Internet Protokol (IP) adresi, Siteye eri\u015filen tarih ve saat, sitede bulunulan s\u0131rada eri\u015filen sayfalar ve siteye do\u011frudan ba\u011flan\u0131lmas\u0131n\u0131 sa\u011flayan Web sitesinin Internet adresi gibi birtak\u0131m bilgiler toplanabilir.<\/p>\n<p><strong>3.12.<\/strong> haticesultan.com.trkullan\u0131c\u0131lar\u0131na daha iyi hizmet sunmak, \u00fcr\u00fcnlerini ve hizmetlerini iyile\u015ftirmek, sitenin kullan\u0131m\u0131n\u0131 kolayla\u015ft\u0131rmak i\u00e7in kullan\u0131m\u0131n\u0131 kullan\u0131c\u0131lar\u0131n\u0131n \u00f6zel tercihlerine ve ilgi alanlar\u0131na y\u00f6nelik \u00e7al\u0131\u015fmalarda \u00fcyelerin ki\u015fisel bilgilerini kullanabilir. haticesultan.com.tr, \u00fcyenin haticesultan.com.tr internet sitesi \u00fczerinde yapt\u0131\u011f\u0131 hareketlerin kayd\u0131n\u0131 bulundurma hakk\u0131n\u0131 sakl\u0131 tutar.<\/p>\n<p><strong>3.13.<\/strong> haticesultan.com.tr\u00fcye olan ki\u015fi, y\u00fcr\u00fcrl\u00fckte bulunan ve\/veya y\u00fcr\u00fcrl\u00fc\u011fe al\u0131nacak uygulamalar kapsam\u0131nda kendisine \u00fcr\u00fcn ve hizmet tan\u0131t\u0131mlar\u0131, reklamlar, kampanyalar, avantajlar, anketler ve di\u011fer m\u00fc\u015fteri memnuniyeti uygulamalar\u0131 sunulmas\u0131na izin verdi\u011fini beyan ve kabul eder. \u0130nternet, telefon, SMS, vb ileti\u015fim kanallar\u0131 kullanarak irtibata ge\u00e7mesine izin verdi\u011fini beyan ve kabul eder. \u00dcye yukar\u0131da bahsi ge\u00e7en bilgilerin toplanmas\u0131, payla\u015f\u0131lmas\u0131, kullan\u0131lmas\u0131, ar\u015fivlenmesi ve kendisine eri\u015filmesi nedeniyle do\u011frudan ve\/veya dolayl\u0131 maddi ve\/veya manevi menfi ve\/veya m\u00fcsbet, velhas\u0131l herhangi bir zarara u\u011frad\u0131\u011f\u0131 konusunda talepte bulunmayaca\u011f\u0131n\u0131 ve haticesultan.com.tr sorumlu tutmayaca\u011f\u0131n\u0131 beyan ve kabul eder. \u00dcye veri payla\u015f\u0131m tercihlerini de\u011fi\u015ftirmek isterse, bu talebini haticesultan.com.trm\u00fc\u015fteri hizmetleri \u00e7a\u011fr\u0131 merkezine iletebilir.<\/p>\n<p><strong>3.14.<\/strong> haticesultan.com.tr, \u00fcyenin ki\u015fisel bilgilerini yasal bir zorunluluk olarak istendi\u011finde veya yasal gereklere uygun hareket etmek veya haticesultan.com.tr tebli\u011f edilen yasal i\u015flemlere uymak;<br \/>haticesultan.com.tr web sitesi ailesinin haklar\u0131n\u0131 ve m\u00fclkiyetini korumak ve savunmak i\u00e7in gerekli oldu\u011funa iyi niyetle kanaat getirdi\u011fi hallerde a\u00e7\u0131klayabilir.<\/p>\n<p><strong>3.15.<\/strong> haticesultan.com.trweb sitesinin virus ve benzeri ama\u00e7l\u0131 yaz\u0131l\u0131mlardan ar\u0131nd\u0131r\u0131lm\u0131\u015f olmas\u0131 i\u00e7in mevcut imkanlar dahilinde tedbir al\u0131nm\u0131\u015ft\u0131r. Bunun yan\u0131nda nihai g\u00fcvenli\u011fin sa\u011flanmas\u0131 i\u00e7in kullan\u0131c\u0131n\u0131n, kendi virus koruma sistemini tedarik etmesi ve gerekli korunmay\u0131 sa\u011flamas\u0131 gerekmektedir. Bu ba\u011flamda \u00fcye<br \/>haticesultan.com.tr web sitesi&#8217;ne girmesiyle, kendi yaz\u0131l\u0131m ve i\u015fletim sistemlerinde olu\u015fabilecek t\u00fcm hata ve bunlar\u0131n do\u011frudan yada dolayl\u0131 sonu\u00e7lar\u0131ndan kendisinin sorumlu oldu\u011funu kabul etmi\u015f say\u0131l\u0131r.<\/p>\n<p><strong>3.16.<\/strong> haticesultan.com.tr, sitenin i\u00e7eri\u011fini diledi\u011fi zaman de\u011fi\u015ftirme, kullan\u0131c\u0131lara sa\u011flanan herhangi bir hizmeti de\u011fi\u015ftirme yada sona erdirme veya haticesultan.com.tr web sitesi&#8217;nde kay\u0131tl\u0131 kullan\u0131c\u0131 bilgi ve verilerini silme hakk\u0131n\u0131 sakl\u0131 tutar.<\/p>\n<p><strong>3.17.<\/strong> haticesultan.com.tr, \u00fcyelik s\u00f6zle\u015fmesinin ko\u015fullar\u0131n\u0131 hi\u00e7bir \u015fekil ve surette \u00f6n ihbara ve\/veya ihtara gerek kalmaks\u0131z\u0131n her zaman de\u011fi\u015ftirebilir, g\u00fcncelleyebilir veya iptal edebilir. De\u011fi\u015ftirilen, g\u00fcncellenen yada y\u00fcr\u00fcrl\u00fckten kald\u0131r\u0131lan her h\u00fck\u00fcm , yay\u0131n tarihinde t\u00fcm \u00fcyeler bak\u0131m\u0131ndan h\u00fck\u00fcm ifade edecektir.<\/p>\n<p><strong>3.18.<\/strong> Taraflar, haticesultan.com.trait t\u00fcm bilgisayar kay\u0131tlar\u0131n\u0131n tek ve ger\u00e7ek m\u00fcnhas\u0131r delil olarak, HUMK madde 287&#8217;ye uygun \u015fekilde esas al\u0131naca\u011f\u0131n\u0131 ve s\u00f6z konusu kay\u0131tlar\u0131n bir delil s\u00f6zle\u015fmesi te\u015fkil etti\u011fi hususunu kabul ve beyan eder.<\/p>\n<p><strong>3.19.<\/strong> haticesultan.com.tr, i\u015f bu \u00fcyelik s\u00f6zle\u015fmesi uyar\u0131nca, \u00fcyelerinin kendisinde kay\u0131tl\u0131 elektronik posta adreslerine bilgilendirme mailleri ve cep telefonlar\u0131na bilgilendirme SMS\u2019leri g\u00f6nderme yetkisine sahip olmakla beraber, \u00fcye i\u015fbu \u00fcyelik s\u00f6zle\u015fmesini onaylamas\u0131yla beraber bilgilendirme maillerinin elektronik posta adresine ve bilgilendirme SMS\u2019lerinin cep telefonuna g\u00f6nderilmesini kabul etmi\u015f say\u0131lacakt\u0131r. \u00dcye mail ve\/veya SMS almaktan vazge\u00e7mek istemesi durumunda \u201cHesab\u0131m\u201d b\u00f6l\u00fcm\u00fcndeki \u201cBilgilendirme Tercihlerim\u201d k\u0131sm\u0131ndan mail ve\/veya SMS g\u00f6nderim iptal i\u015flemini ger\u00e7ekle\u015ftirebilecektir.<\/p>\n<ol start=\"4\">\n<li><strong>S\u00f6zle\u015fmenin Feshi<br \/><\/strong>\u0130\u015fbu s\u00f6zle\u015fme \u00fcyenin \u00fcyeli\u011fini iptal etmesi veya haticesultan.com.trtaraf\u0131ndan \u00fcyeli\u011finin iptal edilmesine kadar y\u00fcr\u00fcrl\u00fckte kalacakt\u0131r. haticesultan.com.tr\u00fcyenin \u00fcyelik s\u00f6zle\u015fmesinin herhangi bir h\u00fckm\u00fcn\u00fc ihlal etmesi durumunda \u00fcyenin \u00fcyeli\u011fini iptal ederek s\u00f6zle\u015fmeyi tek tarafl\u0131 olarak feshedebilecektir.<\/li>\n<\/ol>\n<ol start=\"5\">\n<li><strong>\u0130htilaflerin Halli<br \/><\/strong>\u0130\u015fbu s\u00f6zle\u015fmeye ili\u015fkin ihtilaflerde \u0130stanbul Mahkemeleri ve \u0130cra Daireleri yetkilidir.<\/li>\n<\/ol>\n<ol start=\"6\">\n<li><strong>Y\u00fcr\u00fcrl\u00fck<br \/><\/strong>\u00dcyenin, \u00fcyelik kayd\u0131 yapmas\u0131 \u00fcyenin \u00fcyelik s\u00f6zle\u015fmesinde yer alan t\u00fcm maddeleri okudu\u011fu ve \u00fcyelik s\u00f6zle\u015fmesinde yer alan maddeleri kabul etti\u011fi anlam\u0131na gelir. \u0130\u015fbu S\u00f6zle\u015fme \u00fcyenin \u00fcye olmas\u0131 an\u0131nda akdedilmi\u015f ve kar\u015f\u0131l\u0131kl\u0131 olarak y\u00fcr\u00fcrl\u00fc\u011fe girmi\u015ftir.<\/li>\n<\/ol>\n<p>\u00a0<\/p>","protected":false},"excerpt":{"rendered":"","protected":false},"author":1,"featured_media":0,"parent":0,"menu_order":0,"comment_status":"closed","ping_status":"closed","template":"","meta":{"footnotes":""},"class_list":["post-386","page","type-page","status-publish","hentry"],"_links":{"self":[{"href":"https:\/\/www.haticesultan.com.tr\/en\/wp-json\/wp\/v2\/pages\/386","targetHints":{"allow":["GET"]}}],"collection":[{"href":"https:\/\/www.haticesultan.com.tr\/en\/wp-json\/wp\/v2\/pages"}],"about":[{"href":"https:\/\/www.haticesultan.com.tr\/en\/wp-json\/wp\/v2\/types\/page"}],"author":[{"embeddable":true,"href":"https:\/\/www.haticesultan.com.tr\/en\/wp-json\/wp\/v2\/users\/1"}],"replies":[{"embeddable":true,"href":"https:\/\/www.haticesultan.com.tr\/en\/wp-json\/wp\/v2\/comments?post=386"}],"version-history":[{"count":2,"href":"https:\/\/www.haticesultan.com.tr\/en\/wp-json\/wp\/v2\/pages\/386\/revisions"}],"predecessor-version":[{"id":388,"href":"https:\/\/www.haticesultan.com.tr\/en\/wp-json\/wp\/v2\/pages\/386\/revisions\/388"}],"wp:attachment":[{"href":"https:\/\/www.haticesultan.com.tr\/en\/wp-json\/wp\/v2\/media?parent=386"}],"curies":[{"name":"wp","href":"https:\/\/api.w.org\/{rel}","templated":true}]}}